{"id":16525,"date":"2026-04-01T10:42:06","date_gmt":"2026-04-01T13:42:06","guid":{"rendered":"https:\/\/tienda.mslmisslee.com\/?post_type=product&#038;p=16525"},"modified":"2026-04-10T10:40:54","modified_gmt":"2026-04-10T13:40:54","slug":"calza-msl-super-faja-algodon-c-lycra-premiumnegro","status":"publish","type":"product","link":"https:\/\/tienda.mslmisslee.com\/index.php\/product\/calza-msl-super-faja-algodon-c-lycra-premiumnegro\/","title":{"rendered":"Calza msl  ALGODON C\/LYCRA premium**negro**"},"content":{"rendered":"<p>Calza msl ALGODON C\/LYCRA premium**negro**<\/p>\n<ul>\n<li>Tiro ALTO<\/li>\n<li>SUPER FAJA<\/li>\n<li>Tela : ALGODON CON LYCRA **calidad premium**<\/li>\n<li>Talles: 1 al 5<\/li>\n<li>color: negro jaspeado<\/li>\n<\/ul>\n","protected":false},"excerpt":{"rendered":"<p>A\u00f1adiendo este producto al carrito est\u00e1s comprando 1 calza algodon con lycra **calidad premium** talle a elecci\u00f3n de color negra.<\/p>\n","protected":false},"featured_media":22924,"comment_status":"open","ping_status":"closed","template":"","meta":[],"product_brand":[],"product_cat":[24,432,488,23,427],"product_tag":[],"class_list":{"0":"post-16525","1":"product","2":"type-product","3":"status-publish","4":"has-post-thumbnail","6":"product_cat-deportivo","7":"product_cat-mujer_ropa","8":"product_cat-invierno2025","9":"product_cat-unidad","10":"product_cat-ropa","12":"first","13":"instock","14":"featured","15":"shipping-taxable","16":"purchasable","17":"product-type-variable"},"yoast_head":"<!-- This site is optimized with the Yoast SEO plugin v27.4 - https:\/\/yoast.com\/product\/yoast-seo-wordpress\/ -->\n<title>Calza msl ALGODON C\/LYCRA premium**negro** - Tienda MSL - Calzas Por Mayor<\/title>\n<meta name=\"description\" content=\"Calzas Super Faja Reductora-Modeladora, lycra de excelente calidad!!! talles del 1 al 6 tiro super alto, c\u00f3modas para todo tipo de uso.\" \/>\n<meta name=\"robots\" content=\"index, follow, max-snippet:-1, max-image-preview:large, max-video-preview:-1\" \/>\n<link rel=\"canonical\" href=\"https:\/\/tienda.mslmisslee.com\/index.php\/product\/calza-msl-super-faja-algodon-c-lycra-premiumnegro\/\" \/>\n<meta property=\"og:locale\" content=\"es_ES\" \/>\n<meta property=\"og:type\" content=\"article\" \/>\n<meta property=\"og:title\" content=\"Calza msl ALGODON C\/LYCRA premium**negro** - Tienda MSL - Calzas Por Mayor\" \/>\n<meta property=\"og:description\" content=\"Calzas Super Faja Reductora-Modeladora, lycra de excelente calidad!!! talles del 1 al 6 tiro super alto, c\u00f3modas para todo tipo de uso.\" \/>\n<meta property=\"og:url\" content=\"https:\/\/tienda.mslmisslee.com\/index.php\/product\/calza-msl-super-faja-algodon-c-lycra-premiumnegro\/\" \/>\n<meta property=\"og:site_name\" content=\"Tienda MSL - Calzas Por Mayor\" \/>\n<meta property=\"article:publisher\" content=\"https:\/\/www.facebook.com\/mslmisslee\" \/>\n<meta property=\"article:modified_time\" content=\"2026-04-10T13:40:54+00:00\" \/>\n<meta property=\"og:image\" content=\"https:\/\/tienda.mslmisslee.com\/wp-content\/uploads\/2025\/07\/Polish_20250903_174215303-scaled.jpg\" \/>\n\t<meta property=\"og:image:width\" content=\"1531\" \/>\n\t<meta property=\"og:image:height\" content=\"2560\" \/>\n\t<meta property=\"og:image:type\" content=\"image\/jpeg\" \/>\n<meta name=\"twitter:card\" content=\"summary_large_image\" \/>\n<meta name=\"twitter:label1\" content=\"Tiempo de lectura\" \/>\n\t<meta name=\"twitter:data1\" content=\"1 minuto\" \/>\n<script type=\"application\/ld+json\" class=\"yoast-schema-graph\">{\"@context\":\"https:\\\/\\\/schema.org\",\"@graph\":[{\"@type\":\"WebPage\",\"@id\":\"https:\\\/\\\/tienda.mslmisslee.com\\\/index.php\\\/product\\\/calza-msl-super-faja-algodon-c-lycra-premiumnegro\\\/\",\"url\":\"https:\\\/\\\/tienda.mslmisslee.com\\\/index.php\\\/product\\\/calza-msl-super-faja-algodon-c-lycra-premiumnegro\\\/\",\"name\":\"Calza msl ALGODON C\\\/LYCRA premium**negro** - Tienda MSL - Calzas Por Mayor\",\"isPartOf\":{\"@id\":\"https:\\\/\\\/tienda.mslmisslee.com\\\/#website\"},\"primaryImageOfPage\":{\"@id\":\"https:\\\/\\\/tienda.mslmisslee.com\\\/index.php\\\/product\\\/calza-msl-super-faja-algodon-c-lycra-premiumnegro\\\/#primaryimage\"},\"image\":{\"@id\":\"https:\\\/\\\/tienda.mslmisslee.com\\\/index.php\\\/product\\\/calza-msl-super-faja-algodon-c-lycra-premiumnegro\\\/#primaryimage\"},\"thumbnailUrl\":\"https:\\\/\\\/tienda.mslmisslee.com\\\/wp-content\\\/uploads\\\/2025\\\/07\\\/Polish_20250903_174215303-scaled.jpg\",\"datePublished\":\"2026-04-01T13:42:06+00:00\",\"dateModified\":\"2026-04-10T13:40:54+00:00\",\"description\":\"Calzas Super Faja Reductora-Modeladora, lycra de excelente calidad!!! talles del 1 al 6 tiro super alto, c\u00f3modas para todo tipo de uso.\",\"breadcrumb\":{\"@id\":\"https:\\\/\\\/tienda.mslmisslee.com\\\/index.php\\\/product\\\/calza-msl-super-faja-algodon-c-lycra-premiumnegro\\\/#breadcrumb\"},\"inLanguage\":\"es\",\"potentialAction\":[{\"@type\":\"ReadAction\",\"target\":[\"https:\\\/\\\/tienda.mslmisslee.com\\\/index.php\\\/product\\\/calza-msl-super-faja-algodon-c-lycra-premiumnegro\\\/\"]}]},{\"@type\":\"ImageObject\",\"inLanguage\":\"es\",\"@id\":\"https:\\\/\\\/tienda.mslmisslee.com\\\/index.php\\\/product\\\/calza-msl-super-faja-algodon-c-lycra-premiumnegro\\\/#primaryimage\",\"url\":\"https:\\\/\\\/tienda.mslmisslee.com\\\/wp-content\\\/uploads\\\/2025\\\/07\\\/Polish_20250903_174215303-scaled.jpg\",\"contentUrl\":\"https:\\\/\\\/tienda.mslmisslee.com\\\/wp-content\\\/uploads\\\/2025\\\/07\\\/Polish_20250903_174215303-scaled.jpg\",\"width\":1531,\"height\":2560},{\"@type\":\"BreadcrumbList\",\"@id\":\"https:\\\/\\\/tienda.mslmisslee.com\\\/index.php\\\/product\\\/calza-msl-super-faja-algodon-c-lycra-premiumnegro\\\/#breadcrumb\",\"itemListElement\":[{\"@type\":\"ListItem\",\"position\":1,\"name\":\"Portada\",\"item\":\"https:\\\/\\\/tienda.mslmisslee.com\\\/\"},{\"@type\":\"ListItem\",\"position\":2,\"name\":\"Shop\",\"item\":\"https:\\\/\\\/tienda.mslmisslee.com\\\/index.php\\\/shop-2\\\/\"},{\"@type\":\"ListItem\",\"position\":3,\"name\":\"Calza msl ALGODON C\\\/LYCRA premium**negro**\"}]},{\"@type\":\"WebSite\",\"@id\":\"https:\\\/\\\/tienda.mslmisslee.com\\\/#website\",\"url\":\"https:\\\/\\\/tienda.mslmisslee.com\\\/\",\"name\":\"Tienda MSL\",\"description\":\"Ropa Por Mayor - Calzas Por Mayor\",\"publisher\":{\"@id\":\"https:\\\/\\\/tienda.mslmisslee.com\\\/#organization\"},\"potentialAction\":[{\"@type\":\"SearchAction\",\"target\":{\"@type\":\"EntryPoint\",\"urlTemplate\":\"https:\\\/\\\/tienda.mslmisslee.com\\\/?s={search_term_string}\"},\"query-input\":{\"@type\":\"PropertyValueSpecification\",\"valueRequired\":true,\"valueName\":\"search_term_string\"}}],\"inLanguage\":\"es\"},{\"@type\":\"Organization\",\"@id\":\"https:\\\/\\\/tienda.mslmisslee.com\\\/#organization\",\"name\":\"MSL Sentite Poderosa\",\"url\":\"https:\\\/\\\/tienda.mslmisslee.com\\\/\",\"logo\":{\"@type\":\"ImageObject\",\"inLanguage\":\"es\",\"@id\":\"https:\\\/\\\/tienda.mslmisslee.com\\\/#\\\/schema\\\/logo\\\/image\\\/\",\"url\":\"https:\\\/\\\/tienda.mslmisslee.com\\\/wp-content\\\/uploads\\\/2020\\\/12\\\/cropped-mslogoarg2.png\",\"contentUrl\":\"https:\\\/\\\/tienda.mslmisslee.com\\\/wp-content\\\/uploads\\\/2020\\\/12\\\/cropped-mslogoarg2.png\",\"width\":512,\"height\":512,\"caption\":\"MSL Sentite Poderosa\"},\"image\":{\"@id\":\"https:\\\/\\\/tienda.mslmisslee.com\\\/#\\\/schema\\\/logo\\\/image\\\/\"},\"sameAs\":[\"https:\\\/\\\/www.facebook.com\\\/mslmisslee\",\"https:\\\/\\\/www.instagram.com\\\/mslpoderosa\"]}]}<\/script>\n<!-- \/ Yoast SEO plugin. -->","yoast_head_json":{"title":"Calza msl ALGODON C\/LYCRA premium**negro** - Tienda MSL - Calzas Por Mayor","description":"Calzas Super Faja Reductora-Modeladora, lycra de excelente calidad!!! talles del 1 al 6 tiro super alto, c\u00f3modas para todo tipo de uso.","robots":{"index":"index","follow":"follow","max-snippet":"max-snippet:-1","max-image-preview":"max-image-preview:large","max-video-preview":"max-video-preview:-1"},"canonical":"https:\/\/tienda.mslmisslee.com\/index.php\/product\/calza-msl-super-faja-algodon-c-lycra-premiumnegro\/","og_locale":"es_ES","og_type":"article","og_title":"Calza msl ALGODON C\/LYCRA premium**negro** - Tienda MSL - Calzas Por Mayor","og_description":"Calzas Super Faja Reductora-Modeladora, lycra de excelente calidad!!! talles del 1 al 6 tiro super alto, c\u00f3modas para todo tipo de uso.","og_url":"https:\/\/tienda.mslmisslee.com\/index.php\/product\/calza-msl-super-faja-algodon-c-lycra-premiumnegro\/","og_site_name":"Tienda MSL - Calzas Por Mayor","article_publisher":"https:\/\/www.facebook.com\/mslmisslee","article_modified_time":"2026-04-10T13:40:54+00:00","og_image":[{"width":1531,"height":2560,"url":"https:\/\/tienda.mslmisslee.com\/wp-content\/uploads\/2025\/07\/Polish_20250903_174215303-scaled.jpg","type":"image\/jpeg"}],"twitter_card":"summary_large_image","twitter_misc":{"Tiempo de lectura":"1 minuto"},"schema":{"@context":"https:\/\/schema.org","@graph":[{"@type":"WebPage","@id":"https:\/\/tienda.mslmisslee.com\/index.php\/product\/calza-msl-super-faja-algodon-c-lycra-premiumnegro\/","url":"https:\/\/tienda.mslmisslee.com\/index.php\/product\/calza-msl-super-faja-algodon-c-lycra-premiumnegro\/","name":"Calza msl ALGODON C\/LYCRA premium**negro** - Tienda MSL - Calzas Por Mayor","isPartOf":{"@id":"https:\/\/tienda.mslmisslee.com\/#website"},"primaryImageOfPage":{"@id":"https:\/\/tienda.mslmisslee.com\/index.php\/product\/calza-msl-super-faja-algodon-c-lycra-premiumnegro\/#primaryimage"},"image":{"@id":"https:\/\/tienda.mslmisslee.com\/index.php\/product\/calza-msl-super-faja-algodon-c-lycra-premiumnegro\/#primaryimage"},"thumbnailUrl":"https:\/\/tienda.mslmisslee.com\/wp-content\/uploads\/2025\/07\/Polish_20250903_174215303-scaled.jpg","datePublished":"2026-04-01T13:42:06+00:00","dateModified":"2026-04-10T13:40:54+00:00","description":"Calzas Super Faja Reductora-Modeladora, lycra de excelente calidad!!! talles del 1 al 6 tiro super alto, c\u00f3modas para todo tipo de uso.","breadcrumb":{"@id":"https:\/\/tienda.mslmisslee.com\/index.php\/product\/calza-msl-super-faja-algodon-c-lycra-premiumnegro\/#breadcrumb"},"inLanguage":"es","potentialAction":[{"@type":"ReadAction","target":["https:\/\/tienda.mslmisslee.com\/index.php\/product\/calza-msl-super-faja-algodon-c-lycra-premiumnegro\/"]}]},{"@type":"ImageObject","inLanguage":"es","@id":"https:\/\/tienda.mslmisslee.com\/index.php\/product\/calza-msl-super-faja-algodon-c-lycra-premiumnegro\/#primaryimage","url":"https:\/\/tienda.mslmisslee.com\/wp-content\/uploads\/2025\/07\/Polish_20250903_174215303-scaled.jpg","contentUrl":"https:\/\/tienda.mslmisslee.com\/wp-content\/uploads\/2025\/07\/Polish_20250903_174215303-scaled.jpg","width":1531,"height":2560},{"@type":"BreadcrumbList","@id":"https:\/\/tienda.mslmisslee.com\/index.php\/product\/calza-msl-super-faja-algodon-c-lycra-premiumnegro\/#breadcrumb","itemListElement":[{"@type":"ListItem","position":1,"name":"Portada","item":"https:\/\/tienda.mslmisslee.com\/"},{"@type":"ListItem","position":2,"name":"Shop","item":"https:\/\/tienda.mslmisslee.com\/index.php\/shop-2\/"},{"@type":"ListItem","position":3,"name":"Calza msl ALGODON C\/LYCRA premium**negro**"}]},{"@type":"WebSite","@id":"https:\/\/tienda.mslmisslee.com\/#website","url":"https:\/\/tienda.mslmisslee.com\/","name":"Tienda MSL","description":"Ropa Por Mayor - Calzas Por Mayor","publisher":{"@id":"https:\/\/tienda.mslmisslee.com\/#organization"},"potentialAction":[{"@type":"SearchAction","target":{"@type":"EntryPoint","urlTemplate":"https:\/\/tienda.mslmisslee.com\/?s={search_term_string}"},"query-input":{"@type":"PropertyValueSpecification","valueRequired":true,"valueName":"search_term_string"}}],"inLanguage":"es"},{"@type":"Organization","@id":"https:\/\/tienda.mslmisslee.com\/#organization","name":"MSL Sentite Poderosa","url":"https:\/\/tienda.mslmisslee.com\/","logo":{"@type":"ImageObject","inLanguage":"es","@id":"https:\/\/tienda.mslmisslee.com\/#\/schema\/logo\/image\/","url":"https:\/\/tienda.mslmisslee.com\/wp-content\/uploads\/2020\/12\/cropped-mslogoarg2.png","contentUrl":"https:\/\/tienda.mslmisslee.com\/wp-content\/uploads\/2020\/12\/cropped-mslogoarg2.png","width":512,"height":512,"caption":"MSL Sentite Poderosa"},"image":{"@id":"https:\/\/tienda.mslmisslee.com\/#\/schema\/logo\/image\/"},"sameAs":["https:\/\/www.facebook.com\/mslmisslee","https:\/\/www.instagram.com\/mslpoderosa"]}]}},"_links":{"self":[{"href":"https:\/\/tienda.mslmisslee.com\/index.php\/wp-json\/wp\/v2\/product\/16525","targetHints":{"allow":["GET"]}}],"collection":[{"href":"https:\/\/tienda.mslmisslee.com\/index.php\/wp-json\/wp\/v2\/product"}],"about":[{"href":"https:\/\/tienda.mslmisslee.com\/index.php\/wp-json\/wp\/v2\/types\/product"}],"replies":[{"embeddable":true,"href":"https:\/\/tienda.mslmisslee.com\/index.php\/wp-json\/wp\/v2\/comments?post=16525"}],"wp:featuredmedia":[{"embeddable":true,"href":"https:\/\/tienda.mslmisslee.com\/index.php\/wp-json\/wp\/v2\/media\/22924"}],"wp:attachment":[{"href":"https:\/\/tienda.mslmisslee.com\/index.php\/wp-json\/wp\/v2\/media?parent=16525"}],"wp:term":[{"taxonomy":"product_brand","embeddable":true,"href":"https:\/\/tienda.mslmisslee.com\/index.php\/wp-json\/wp\/v2\/product_brand?post=16525"},{"taxonomy":"product_cat","embeddable":true,"href":"https:\/\/tienda.mslmisslee.com\/index.php\/wp-json\/wp\/v2\/product_cat?post=16525"},{"taxonomy":"product_tag","embeddable":true,"href":"https:\/\/tienda.mslmisslee.com\/index.php\/wp-json\/wp\/v2\/product_tag?post=16525"}],"curies":[{"name":"wp","href":"https:\/\/api.w.org\/{rel}","templated":true}]}}