{"id":17967,"date":"2025-03-03T06:10:07","date_gmt":"2025-03-03T09:10:07","guid":{"rendered":"https:\/\/tienda.mslmisslee.com\/?post_type=product&#038;p=17967"},"modified":"2025-09-05T16:49:02","modified_gmt":"2025-09-05T19:49:02","slug":"top-morley-msl-sentite-poderosa","status":"publish","type":"product","link":"https:\/\/tienda.mslmisslee.com\/index.php\/product\/top-morley-msl-sentite-poderosa\/","title":{"rendered":"Top morley msl sentite poderosa"},"content":{"rendered":"<h1><strong>Top morley msl sentite poderosa<\/strong><\/h1>\n<ul>\n<li>Tela: morley liviano<\/li>\n<li>Talle: 1 al 3<\/li>\n<li>Unico color<\/li>\n<li>Con el\u00e1stico<\/li>\n<\/ul>\n<p>&nbsp;<\/p>\n","protected":false},"excerpt":{"rendered":"<p>A\u00f1adiendo este producto al carrito estas comprando 1 top de morley, talle a elecci\u00f3n, \u00fanico color.<\/p>\n","protected":false},"featured_media":17968,"comment_status":"open","ping_status":"closed","template":"","meta":[],"product_brand":[],"product_cat":[427],"product_tag":[],"class_list":{"0":"post-17967","1":"product","2":"type-product","3":"status-publish","4":"has-post-thumbnail","6":"product_cat-ropa","8":"first","9":"outofstock","10":"shipping-taxable","11":"product-type-variable"},"yoast_head":"<!-- This site is optimized with the Yoast SEO plugin v27.3 - https:\/\/yoast.com\/product\/yoast-seo-wordpress\/ -->\n<title>Top morley msl sentite poderosa - Tienda MSL - Calzas Por Mayor<\/title>\n<meta name=\"robots\" content=\"index, follow, max-snippet:-1, max-image-preview:large, max-video-preview:-1\" \/>\n<link rel=\"canonical\" href=\"https:\/\/tienda.mslmisslee.com\/index.php\/product\/top-morley-msl-sentite-poderosa\/\" \/>\n<meta property=\"og:locale\" content=\"es_ES\" \/>\n<meta property=\"og:type\" content=\"article\" \/>\n<meta property=\"og:title\" content=\"Top morley msl sentite poderosa - Tienda MSL - Calzas Por Mayor\" \/>\n<meta property=\"og:description\" content=\"A\u00f1adiendo este producto al carrito estas comprando 1 top de morley, talle a elecci\u00f3n, \u00fanico color.\" \/>\n<meta property=\"og:url\" content=\"https:\/\/tienda.mslmisslee.com\/index.php\/product\/top-morley-msl-sentite-poderosa\/\" \/>\n<meta property=\"og:site_name\" content=\"Tienda MSL - Calzas Por Mayor\" \/>\n<meta property=\"article:publisher\" content=\"https:\/\/www.facebook.com\/mslmisslee\" \/>\n<meta property=\"article:modified_time\" content=\"2025-09-05T19:49:02+00:00\" \/>\n<meta property=\"og:image\" content=\"https:\/\/tienda.mslmisslee.com\/wp-content\/uploads\/2024\/12\/Polish_20241228_180814645.jpg\" \/>\n\t<meta property=\"og:image:width\" content=\"1908\" \/>\n\t<meta property=\"og:image:height\" content=\"2383\" \/>\n\t<meta property=\"og:image:type\" content=\"image\/jpeg\" \/>\n<meta name=\"twitter:card\" content=\"summary_large_image\" \/>\n<meta name=\"twitter:label1\" content=\"Tiempo de lectura\" \/>\n\t<meta name=\"twitter:data1\" content=\"1 minuto\" \/>\n<script type=\"application\/ld+json\" class=\"yoast-schema-graph\">{\"@context\":\"https:\\\/\\\/schema.org\",\"@graph\":[{\"@type\":\"WebPage\",\"@id\":\"https:\\\/\\\/tienda.mslmisslee.com\\\/index.php\\\/product\\\/top-morley-msl-sentite-poderosa\\\/\",\"url\":\"https:\\\/\\\/tienda.mslmisslee.com\\\/index.php\\\/product\\\/top-morley-msl-sentite-poderosa\\\/\",\"name\":\"Top morley msl sentite poderosa - Tienda MSL - Calzas Por Mayor\",\"isPartOf\":{\"@id\":\"https:\\\/\\\/tienda.mslmisslee.com\\\/#website\"},\"primaryImageOfPage\":{\"@id\":\"https:\\\/\\\/tienda.mslmisslee.com\\\/index.php\\\/product\\\/top-morley-msl-sentite-poderosa\\\/#primaryimage\"},\"image\":{\"@id\":\"https:\\\/\\\/tienda.mslmisslee.com\\\/index.php\\\/product\\\/top-morley-msl-sentite-poderosa\\\/#primaryimage\"},\"thumbnailUrl\":\"https:\\\/\\\/tienda.mslmisslee.com\\\/wp-content\\\/uploads\\\/2024\\\/12\\\/Polish_20241228_180814645.jpg\",\"datePublished\":\"2025-03-03T09:10:07+00:00\",\"dateModified\":\"2025-09-05T19:49:02+00:00\",\"breadcrumb\":{\"@id\":\"https:\\\/\\\/tienda.mslmisslee.com\\\/index.php\\\/product\\\/top-morley-msl-sentite-poderosa\\\/#breadcrumb\"},\"inLanguage\":\"es\",\"potentialAction\":[{\"@type\":\"ReadAction\",\"target\":[\"https:\\\/\\\/tienda.mslmisslee.com\\\/index.php\\\/product\\\/top-morley-msl-sentite-poderosa\\\/\"]}]},{\"@type\":\"ImageObject\",\"inLanguage\":\"es\",\"@id\":\"https:\\\/\\\/tienda.mslmisslee.com\\\/index.php\\\/product\\\/top-morley-msl-sentite-poderosa\\\/#primaryimage\",\"url\":\"https:\\\/\\\/tienda.mslmisslee.com\\\/wp-content\\\/uploads\\\/2024\\\/12\\\/Polish_20241228_180814645.jpg\",\"contentUrl\":\"https:\\\/\\\/tienda.mslmisslee.com\\\/wp-content\\\/uploads\\\/2024\\\/12\\\/Polish_20241228_180814645.jpg\",\"width\":1908,\"height\":2383},{\"@type\":\"BreadcrumbList\",\"@id\":\"https:\\\/\\\/tienda.mslmisslee.com\\\/index.php\\\/product\\\/top-morley-msl-sentite-poderosa\\\/#breadcrumb\",\"itemListElement\":[{\"@type\":\"ListItem\",\"position\":1,\"name\":\"Portada\",\"item\":\"https:\\\/\\\/tienda.mslmisslee.com\\\/\"},{\"@type\":\"ListItem\",\"position\":2,\"name\":\"Shop\",\"item\":\"https:\\\/\\\/tienda.mslmisslee.com\\\/index.php\\\/shop-2\\\/\"},{\"@type\":\"ListItem\",\"position\":3,\"name\":\"Top morley msl sentite poderosa\"}]},{\"@type\":\"WebSite\",\"@id\":\"https:\\\/\\\/tienda.mslmisslee.com\\\/#website\",\"url\":\"https:\\\/\\\/tienda.mslmisslee.com\\\/\",\"name\":\"Tienda MSL\",\"description\":\"Ropa Por Mayor - Calzas Por Mayor\",\"publisher\":{\"@id\":\"https:\\\/\\\/tienda.mslmisslee.com\\\/#organization\"},\"potentialAction\":[{\"@type\":\"SearchAction\",\"target\":{\"@type\":\"EntryPoint\",\"urlTemplate\":\"https:\\\/\\\/tienda.mslmisslee.com\\\/?s={search_term_string}\"},\"query-input\":{\"@type\":\"PropertyValueSpecification\",\"valueRequired\":true,\"valueName\":\"search_term_string\"}}],\"inLanguage\":\"es\"},{\"@type\":\"Organization\",\"@id\":\"https:\\\/\\\/tienda.mslmisslee.com\\\/#organization\",\"name\":\"MSL Sentite Poderosa\",\"url\":\"https:\\\/\\\/tienda.mslmisslee.com\\\/\",\"logo\":{\"@type\":\"ImageObject\",\"inLanguage\":\"es\",\"@id\":\"https:\\\/\\\/tienda.mslmisslee.com\\\/#\\\/schema\\\/logo\\\/image\\\/\",\"url\":\"https:\\\/\\\/tienda.mslmisslee.com\\\/wp-content\\\/uploads\\\/2020\\\/12\\\/cropped-mslogoarg2.png\",\"contentUrl\":\"https:\\\/\\\/tienda.mslmisslee.com\\\/wp-content\\\/uploads\\\/2020\\\/12\\\/cropped-mslogoarg2.png\",\"width\":512,\"height\":512,\"caption\":\"MSL Sentite Poderosa\"},\"image\":{\"@id\":\"https:\\\/\\\/tienda.mslmisslee.com\\\/#\\\/schema\\\/logo\\\/image\\\/\"},\"sameAs\":[\"https:\\\/\\\/www.facebook.com\\\/mslmisslee\",\"https:\\\/\\\/www.instagram.com\\\/mslpoderosa\"]}]}<\/script>\n<!-- \/ Yoast SEO plugin. -->","yoast_head_json":{"title":"Top morley msl sentite poderosa - Tienda MSL - Calzas Por Mayor","robots":{"index":"index","follow":"follow","max-snippet":"max-snippet:-1","max-image-preview":"max-image-preview:large","max-video-preview":"max-video-preview:-1"},"canonical":"https:\/\/tienda.mslmisslee.com\/index.php\/product\/top-morley-msl-sentite-poderosa\/","og_locale":"es_ES","og_type":"article","og_title":"Top morley msl sentite poderosa - Tienda MSL - Calzas Por Mayor","og_description":"A\u00f1adiendo este producto al carrito estas comprando 1 top de morley, talle a elecci\u00f3n, \u00fanico color.","og_url":"https:\/\/tienda.mslmisslee.com\/index.php\/product\/top-morley-msl-sentite-poderosa\/","og_site_name":"Tienda MSL - Calzas Por Mayor","article_publisher":"https:\/\/www.facebook.com\/mslmisslee","article_modified_time":"2025-09-05T19:49:02+00:00","og_image":[{"width":1908,"height":2383,"url":"https:\/\/tienda.mslmisslee.com\/wp-content\/uploads\/2024\/12\/Polish_20241228_180814645.jpg","type":"image\/jpeg"}],"twitter_card":"summary_large_image","twitter_misc":{"Tiempo de lectura":"1 minuto"},"schema":{"@context":"https:\/\/schema.org","@graph":[{"@type":"WebPage","@id":"https:\/\/tienda.mslmisslee.com\/index.php\/product\/top-morley-msl-sentite-poderosa\/","url":"https:\/\/tienda.mslmisslee.com\/index.php\/product\/top-morley-msl-sentite-poderosa\/","name":"Top morley msl sentite poderosa - Tienda MSL - Calzas Por Mayor","isPartOf":{"@id":"https:\/\/tienda.mslmisslee.com\/#website"},"primaryImageOfPage":{"@id":"https:\/\/tienda.mslmisslee.com\/index.php\/product\/top-morley-msl-sentite-poderosa\/#primaryimage"},"image":{"@id":"https:\/\/tienda.mslmisslee.com\/index.php\/product\/top-morley-msl-sentite-poderosa\/#primaryimage"},"thumbnailUrl":"https:\/\/tienda.mslmisslee.com\/wp-content\/uploads\/2024\/12\/Polish_20241228_180814645.jpg","datePublished":"2025-03-03T09:10:07+00:00","dateModified":"2025-09-05T19:49:02+00:00","breadcrumb":{"@id":"https:\/\/tienda.mslmisslee.com\/index.php\/product\/top-morley-msl-sentite-poderosa\/#breadcrumb"},"inLanguage":"es","potentialAction":[{"@type":"ReadAction","target":["https:\/\/tienda.mslmisslee.com\/index.php\/product\/top-morley-msl-sentite-poderosa\/"]}]},{"@type":"ImageObject","inLanguage":"es","@id":"https:\/\/tienda.mslmisslee.com\/index.php\/product\/top-morley-msl-sentite-poderosa\/#primaryimage","url":"https:\/\/tienda.mslmisslee.com\/wp-content\/uploads\/2024\/12\/Polish_20241228_180814645.jpg","contentUrl":"https:\/\/tienda.mslmisslee.com\/wp-content\/uploads\/2024\/12\/Polish_20241228_180814645.jpg","width":1908,"height":2383},{"@type":"BreadcrumbList","@id":"https:\/\/tienda.mslmisslee.com\/index.php\/product\/top-morley-msl-sentite-poderosa\/#breadcrumb","itemListElement":[{"@type":"ListItem","position":1,"name":"Portada","item":"https:\/\/tienda.mslmisslee.com\/"},{"@type":"ListItem","position":2,"name":"Shop","item":"https:\/\/tienda.mslmisslee.com\/index.php\/shop-2\/"},{"@type":"ListItem","position":3,"name":"Top morley msl sentite poderosa"}]},{"@type":"WebSite","@id":"https:\/\/tienda.mslmisslee.com\/#website","url":"https:\/\/tienda.mslmisslee.com\/","name":"Tienda MSL","description":"Ropa Por Mayor - Calzas Por Mayor","publisher":{"@id":"https:\/\/tienda.mslmisslee.com\/#organization"},"potentialAction":[{"@type":"SearchAction","target":{"@type":"EntryPoint","urlTemplate":"https:\/\/tienda.mslmisslee.com\/?s={search_term_string}"},"query-input":{"@type":"PropertyValueSpecification","valueRequired":true,"valueName":"search_term_string"}}],"inLanguage":"es"},{"@type":"Organization","@id":"https:\/\/tienda.mslmisslee.com\/#organization","name":"MSL Sentite Poderosa","url":"https:\/\/tienda.mslmisslee.com\/","logo":{"@type":"ImageObject","inLanguage":"es","@id":"https:\/\/tienda.mslmisslee.com\/#\/schema\/logo\/image\/","url":"https:\/\/tienda.mslmisslee.com\/wp-content\/uploads\/2020\/12\/cropped-mslogoarg2.png","contentUrl":"https:\/\/tienda.mslmisslee.com\/wp-content\/uploads\/2020\/12\/cropped-mslogoarg2.png","width":512,"height":512,"caption":"MSL Sentite Poderosa"},"image":{"@id":"https:\/\/tienda.mslmisslee.com\/#\/schema\/logo\/image\/"},"sameAs":["https:\/\/www.facebook.com\/mslmisslee","https:\/\/www.instagram.com\/mslpoderosa"]}]}},"_links":{"self":[{"href":"https:\/\/tienda.mslmisslee.com\/index.php\/wp-json\/wp\/v2\/product\/17967","targetHints":{"allow":["GET"]}}],"collection":[{"href":"https:\/\/tienda.mslmisslee.com\/index.php\/wp-json\/wp\/v2\/product"}],"about":[{"href":"https:\/\/tienda.mslmisslee.com\/index.php\/wp-json\/wp\/v2\/types\/product"}],"replies":[{"embeddable":true,"href":"https:\/\/tienda.mslmisslee.com\/index.php\/wp-json\/wp\/v2\/comments?post=17967"}],"wp:featuredmedia":[{"embeddable":true,"href":"https:\/\/tienda.mslmisslee.com\/index.php\/wp-json\/wp\/v2\/media\/17968"}],"wp:attachment":[{"href":"https:\/\/tienda.mslmisslee.com\/index.php\/wp-json\/wp\/v2\/media?parent=17967"}],"wp:term":[{"taxonomy":"product_brand","embeddable":true,"href":"https:\/\/tienda.mslmisslee.com\/index.php\/wp-json\/wp\/v2\/product_brand?post=17967"},{"taxonomy":"product_cat","embeddable":true,"href":"https:\/\/tienda.mslmisslee.com\/index.php\/wp-json\/wp\/v2\/product_cat?post=17967"},{"taxonomy":"product_tag","embeddable":true,"href":"https:\/\/tienda.mslmisslee.com\/index.php\/wp-json\/wp\/v2\/product_tag?post=17967"}],"curies":[{"name":"wp","href":"https:\/\/api.w.org\/{rel}","templated":true}]}}