{"id":19479,"date":"2025-06-30T17:53:59","date_gmt":"2025-06-30T20:53:59","guid":{"rendered":"https:\/\/tienda.mslmisslee.com\/?post_type=product&#038;p=19479"},"modified":"2026-03-22T14:29:22","modified_gmt":"2026-03-22T17:29:22","slug":"campera-polar","status":"publish","type":"product","link":"https:\/\/tienda.mslmisslee.com\/index.php\/product\/campera-polar\/","title":{"rendered":"Campera polar"},"content":{"rendered":"<h2>Campera polar<\/h2>\n<ul>\n<li>Talles del 3 al 6<\/li>\n<li>Con bolsillos<\/li>\n<li>Varios colores!<\/li>\n<\/ul>\n","protected":false},"excerpt":{"rendered":"<p>A\u00f1adiendo este producto al carrito est\u00e1s comprando 1 campera polar, talle y color a elecci\u00f3n.<\/p>\n","protected":false},"featured_media":19481,"comment_status":"open","ping_status":"closed","template":"","meta":[],"product_brand":[],"product_cat":[47,44,428,56,488,427],"product_tag":[],"class_list":{"0":"post-19479","1":"product","2":"type-product","3":"status-publish","4":"has-post-thumbnail","6":"product_cat-abrigos","7":"product_cat-camperas","8":"product_cat-hombre_ropa","9":"product_cat-hombre","10":"product_cat-invierno2025","11":"product_cat-ropa","13":"first","14":"outofstock","15":"shipping-taxable","16":"product-type-variable"},"yoast_head":"<!-- This site is optimized with the Yoast SEO plugin v27.4 - https:\/\/yoast.com\/product\/yoast-seo-wordpress\/ -->\n<title>Campera polar - Tienda MSL - Calzas Por Mayor<\/title>\n<meta name=\"robots\" content=\"index, follow, max-snippet:-1, max-image-preview:large, max-video-preview:-1\" \/>\n<link rel=\"canonical\" href=\"https:\/\/tienda.mslmisslee.com\/index.php\/product\/campera-polar\/\" \/>\n<meta property=\"og:locale\" content=\"es_ES\" \/>\n<meta property=\"og:type\" content=\"article\" \/>\n<meta property=\"og:title\" content=\"Campera polar - Tienda MSL - Calzas Por Mayor\" \/>\n<meta property=\"og:description\" content=\"A\u00f1adiendo este producto al carrito est\u00e1s comprando 1 campera polar, talle y color a elecci\u00f3n.\" \/>\n<meta property=\"og:url\" content=\"https:\/\/tienda.mslmisslee.com\/index.php\/product\/campera-polar\/\" \/>\n<meta property=\"og:site_name\" content=\"Tienda MSL - Calzas Por Mayor\" \/>\n<meta property=\"article:publisher\" content=\"https:\/\/www.facebook.com\/mslmisslee\" \/>\n<meta property=\"article:modified_time\" content=\"2026-03-22T17:29:22+00:00\" \/>\n<meta property=\"og:image\" content=\"https:\/\/tienda.mslmisslee.com\/wp-content\/uploads\/2025\/05\/Polish_20250530_172729814-1017x1024.jpg\" \/>\n\t<meta property=\"og:image:width\" content=\"1017\" \/>\n\t<meta property=\"og:image:height\" content=\"1024\" \/>\n\t<meta property=\"og:image:type\" content=\"image\/jpeg\" \/>\n<meta name=\"twitter:card\" content=\"summary_large_image\" \/>\n<meta name=\"twitter:label1\" content=\"Tiempo de lectura\" \/>\n\t<meta name=\"twitter:data1\" content=\"1 minuto\" \/>\n<script type=\"application\/ld+json\" class=\"yoast-schema-graph\">{\"@context\":\"https:\\\/\\\/schema.org\",\"@graph\":[{\"@type\":\"WebPage\",\"@id\":\"https:\\\/\\\/tienda.mslmisslee.com\\\/index.php\\\/product\\\/campera-polar\\\/\",\"url\":\"https:\\\/\\\/tienda.mslmisslee.com\\\/index.php\\\/product\\\/campera-polar\\\/\",\"name\":\"Campera polar - Tienda MSL - Calzas Por Mayor\",\"isPartOf\":{\"@id\":\"https:\\\/\\\/tienda.mslmisslee.com\\\/#website\"},\"primaryImageOfPage\":{\"@id\":\"https:\\\/\\\/tienda.mslmisslee.com\\\/index.php\\\/product\\\/campera-polar\\\/#primaryimage\"},\"image\":{\"@id\":\"https:\\\/\\\/tienda.mslmisslee.com\\\/index.php\\\/product\\\/campera-polar\\\/#primaryimage\"},\"thumbnailUrl\":\"https:\\\/\\\/tienda.mslmisslee.com\\\/wp-content\\\/uploads\\\/2025\\\/05\\\/Polish_20250530_172729814.jpg\",\"datePublished\":\"2025-06-30T20:53:59+00:00\",\"dateModified\":\"2026-03-22T17:29:22+00:00\",\"breadcrumb\":{\"@id\":\"https:\\\/\\\/tienda.mslmisslee.com\\\/index.php\\\/product\\\/campera-polar\\\/#breadcrumb\"},\"inLanguage\":\"es\",\"potentialAction\":[{\"@type\":\"ReadAction\",\"target\":[\"https:\\\/\\\/tienda.mslmisslee.com\\\/index.php\\\/product\\\/campera-polar\\\/\"]}]},{\"@type\":\"ImageObject\",\"inLanguage\":\"es\",\"@id\":\"https:\\\/\\\/tienda.mslmisslee.com\\\/index.php\\\/product\\\/campera-polar\\\/#primaryimage\",\"url\":\"https:\\\/\\\/tienda.mslmisslee.com\\\/wp-content\\\/uploads\\\/2025\\\/05\\\/Polish_20250530_172729814.jpg\",\"contentUrl\":\"https:\\\/\\\/tienda.mslmisslee.com\\\/wp-content\\\/uploads\\\/2025\\\/05\\\/Polish_20250530_172729814.jpg\",\"width\":2252,\"height\":2268},{\"@type\":\"BreadcrumbList\",\"@id\":\"https:\\\/\\\/tienda.mslmisslee.com\\\/index.php\\\/product\\\/campera-polar\\\/#breadcrumb\",\"itemListElement\":[{\"@type\":\"ListItem\",\"position\":1,\"name\":\"Portada\",\"item\":\"https:\\\/\\\/tienda.mslmisslee.com\\\/\"},{\"@type\":\"ListItem\",\"position\":2,\"name\":\"Shop\",\"item\":\"https:\\\/\\\/tienda.mslmisslee.com\\\/index.php\\\/shop-2\\\/\"},{\"@type\":\"ListItem\",\"position\":3,\"name\":\"Campera polar\"}]},{\"@type\":\"WebSite\",\"@id\":\"https:\\\/\\\/tienda.mslmisslee.com\\\/#website\",\"url\":\"https:\\\/\\\/tienda.mslmisslee.com\\\/\",\"name\":\"Tienda MSL\",\"description\":\"Ropa Por Mayor - Calzas Por Mayor\",\"publisher\":{\"@id\":\"https:\\\/\\\/tienda.mslmisslee.com\\\/#organization\"},\"potentialAction\":[{\"@type\":\"SearchAction\",\"target\":{\"@type\":\"EntryPoint\",\"urlTemplate\":\"https:\\\/\\\/tienda.mslmisslee.com\\\/?s={search_term_string}\"},\"query-input\":{\"@type\":\"PropertyValueSpecification\",\"valueRequired\":true,\"valueName\":\"search_term_string\"}}],\"inLanguage\":\"es\"},{\"@type\":\"Organization\",\"@id\":\"https:\\\/\\\/tienda.mslmisslee.com\\\/#organization\",\"name\":\"MSL Sentite Poderosa\",\"url\":\"https:\\\/\\\/tienda.mslmisslee.com\\\/\",\"logo\":{\"@type\":\"ImageObject\",\"inLanguage\":\"es\",\"@id\":\"https:\\\/\\\/tienda.mslmisslee.com\\\/#\\\/schema\\\/logo\\\/image\\\/\",\"url\":\"https:\\\/\\\/tienda.mslmisslee.com\\\/wp-content\\\/uploads\\\/2020\\\/12\\\/cropped-mslogoarg2.png\",\"contentUrl\":\"https:\\\/\\\/tienda.mslmisslee.com\\\/wp-content\\\/uploads\\\/2020\\\/12\\\/cropped-mslogoarg2.png\",\"width\":512,\"height\":512,\"caption\":\"MSL Sentite Poderosa\"},\"image\":{\"@id\":\"https:\\\/\\\/tienda.mslmisslee.com\\\/#\\\/schema\\\/logo\\\/image\\\/\"},\"sameAs\":[\"https:\\\/\\\/www.facebook.com\\\/mslmisslee\",\"https:\\\/\\\/www.instagram.com\\\/mslpoderosa\"]}]}<\/script>\n<!-- \/ Yoast SEO plugin. -->","yoast_head_json":{"title":"Campera polar - Tienda MSL - Calzas Por Mayor","robots":{"index":"index","follow":"follow","max-snippet":"max-snippet:-1","max-image-preview":"max-image-preview:large","max-video-preview":"max-video-preview:-1"},"canonical":"https:\/\/tienda.mslmisslee.com\/index.php\/product\/campera-polar\/","og_locale":"es_ES","og_type":"article","og_title":"Campera polar - Tienda MSL - Calzas Por Mayor","og_description":"A\u00f1adiendo este producto al carrito est\u00e1s comprando 1 campera polar, talle y color a elecci\u00f3n.","og_url":"https:\/\/tienda.mslmisslee.com\/index.php\/product\/campera-polar\/","og_site_name":"Tienda MSL - Calzas Por Mayor","article_publisher":"https:\/\/www.facebook.com\/mslmisslee","article_modified_time":"2026-03-22T17:29:22+00:00","og_image":[{"width":1017,"height":1024,"url":"https:\/\/tienda.mslmisslee.com\/wp-content\/uploads\/2025\/05\/Polish_20250530_172729814-1017x1024.jpg","type":"image\/jpeg"}],"twitter_card":"summary_large_image","twitter_misc":{"Tiempo de lectura":"1 minuto"},"schema":{"@context":"https:\/\/schema.org","@graph":[{"@type":"WebPage","@id":"https:\/\/tienda.mslmisslee.com\/index.php\/product\/campera-polar\/","url":"https:\/\/tienda.mslmisslee.com\/index.php\/product\/campera-polar\/","name":"Campera polar - Tienda MSL - Calzas Por Mayor","isPartOf":{"@id":"https:\/\/tienda.mslmisslee.com\/#website"},"primaryImageOfPage":{"@id":"https:\/\/tienda.mslmisslee.com\/index.php\/product\/campera-polar\/#primaryimage"},"image":{"@id":"https:\/\/tienda.mslmisslee.com\/index.php\/product\/campera-polar\/#primaryimage"},"thumbnailUrl":"https:\/\/tienda.mslmisslee.com\/wp-content\/uploads\/2025\/05\/Polish_20250530_172729814.jpg","datePublished":"2025-06-30T20:53:59+00:00","dateModified":"2026-03-22T17:29:22+00:00","breadcrumb":{"@id":"https:\/\/tienda.mslmisslee.com\/index.php\/product\/campera-polar\/#breadcrumb"},"inLanguage":"es","potentialAction":[{"@type":"ReadAction","target":["https:\/\/tienda.mslmisslee.com\/index.php\/product\/campera-polar\/"]}]},{"@type":"ImageObject","inLanguage":"es","@id":"https:\/\/tienda.mslmisslee.com\/index.php\/product\/campera-polar\/#primaryimage","url":"https:\/\/tienda.mslmisslee.com\/wp-content\/uploads\/2025\/05\/Polish_20250530_172729814.jpg","contentUrl":"https:\/\/tienda.mslmisslee.com\/wp-content\/uploads\/2025\/05\/Polish_20250530_172729814.jpg","width":2252,"height":2268},{"@type":"BreadcrumbList","@id":"https:\/\/tienda.mslmisslee.com\/index.php\/product\/campera-polar\/#breadcrumb","itemListElement":[{"@type":"ListItem","position":1,"name":"Portada","item":"https:\/\/tienda.mslmisslee.com\/"},{"@type":"ListItem","position":2,"name":"Shop","item":"https:\/\/tienda.mslmisslee.com\/index.php\/shop-2\/"},{"@type":"ListItem","position":3,"name":"Campera polar"}]},{"@type":"WebSite","@id":"https:\/\/tienda.mslmisslee.com\/#website","url":"https:\/\/tienda.mslmisslee.com\/","name":"Tienda MSL","description":"Ropa Por Mayor - Calzas Por Mayor","publisher":{"@id":"https:\/\/tienda.mslmisslee.com\/#organization"},"potentialAction":[{"@type":"SearchAction","target":{"@type":"EntryPoint","urlTemplate":"https:\/\/tienda.mslmisslee.com\/?s={search_term_string}"},"query-input":{"@type":"PropertyValueSpecification","valueRequired":true,"valueName":"search_term_string"}}],"inLanguage":"es"},{"@type":"Organization","@id":"https:\/\/tienda.mslmisslee.com\/#organization","name":"MSL Sentite Poderosa","url":"https:\/\/tienda.mslmisslee.com\/","logo":{"@type":"ImageObject","inLanguage":"es","@id":"https:\/\/tienda.mslmisslee.com\/#\/schema\/logo\/image\/","url":"https:\/\/tienda.mslmisslee.com\/wp-content\/uploads\/2020\/12\/cropped-mslogoarg2.png","contentUrl":"https:\/\/tienda.mslmisslee.com\/wp-content\/uploads\/2020\/12\/cropped-mslogoarg2.png","width":512,"height":512,"caption":"MSL Sentite Poderosa"},"image":{"@id":"https:\/\/tienda.mslmisslee.com\/#\/schema\/logo\/image\/"},"sameAs":["https:\/\/www.facebook.com\/mslmisslee","https:\/\/www.instagram.com\/mslpoderosa"]}]}},"_links":{"self":[{"href":"https:\/\/tienda.mslmisslee.com\/index.php\/wp-json\/wp\/v2\/product\/19479","targetHints":{"allow":["GET"]}}],"collection":[{"href":"https:\/\/tienda.mslmisslee.com\/index.php\/wp-json\/wp\/v2\/product"}],"about":[{"href":"https:\/\/tienda.mslmisslee.com\/index.php\/wp-json\/wp\/v2\/types\/product"}],"replies":[{"embeddable":true,"href":"https:\/\/tienda.mslmisslee.com\/index.php\/wp-json\/wp\/v2\/comments?post=19479"}],"wp:featuredmedia":[{"embeddable":true,"href":"https:\/\/tienda.mslmisslee.com\/index.php\/wp-json\/wp\/v2\/media\/19481"}],"wp:attachment":[{"href":"https:\/\/tienda.mslmisslee.com\/index.php\/wp-json\/wp\/v2\/media?parent=19479"}],"wp:term":[{"taxonomy":"product_brand","embeddable":true,"href":"https:\/\/tienda.mslmisslee.com\/index.php\/wp-json\/wp\/v2\/product_brand?post=19479"},{"taxonomy":"product_cat","embeddable":true,"href":"https:\/\/tienda.mslmisslee.com\/index.php\/wp-json\/wp\/v2\/product_cat?post=19479"},{"taxonomy":"product_tag","embeddable":true,"href":"https:\/\/tienda.mslmisslee.com\/index.php\/wp-json\/wp\/v2\/product_tag?post=19479"}],"curies":[{"name":"wp","href":"https:\/\/api.w.org\/{rel}","templated":true}]}}