{"id":26315,"date":"2026-04-02T14:00:19","date_gmt":"2026-04-02T17:00:19","guid":{"rendered":"https:\/\/tienda.mslmisslee.com\/?post_type=product&#038;p=26315"},"modified":"2026-04-02T14:00:19","modified_gmt":"2026-04-02T17:00:19","slug":"calza-jaspeada-termica","status":"publish","type":"product","link":"https:\/\/tienda.mslmisslee.com\/index.php\/product\/calza-jaspeada-termica\/","title":{"rendered":"Calza jaspeada TERMICA"},"content":{"rendered":"<p>Calza jaspeada TERMICA<\/p>\n<ul>\n<li>Talles del 1 al 4<\/li>\n<li>Elastizadas<\/li>\n<li>Tiro alto<\/li>\n<\/ul>\n","protected":false},"excerpt":{"rendered":"<blockquote><p>A\u00f1adiendo este producto al carrito estas comprando 1 calza t\u00e9rmica jaspeada de color rosa, talle a elecci\u00f3n.<\/p><\/blockquote>\n","protected":false},"featured_media":26316,"comment_status":"open","ping_status":"closed","template":"","meta":[],"product_brand":[],"product_cat":[16,24],"product_tag":[],"class_list":{"0":"post-26315","1":"product","2":"type-product","3":"status-publish","4":"has-post-thumbnail","6":"product_cat-calzas","7":"product_cat-deportivo","9":"first","10":"instock","11":"shipping-taxable","12":"purchasable","13":"product-type-variable"},"yoast_head":"<!-- This site is optimized with the Yoast SEO plugin v27.2 - https:\/\/yoast.com\/product\/yoast-seo-wordpress\/ -->\n<title>Calza jaspeada TERMICA - Tienda MSL - Calzas Por Mayor<\/title>\n<meta name=\"robots\" content=\"index, follow, max-snippet:-1, max-image-preview:large, max-video-preview:-1\" \/>\n<link rel=\"canonical\" href=\"https:\/\/tienda.mslmisslee.com\/index.php\/product\/calza-jaspeada-termica\/\" \/>\n<meta property=\"og:locale\" content=\"es_ES\" \/>\n<meta property=\"og:type\" content=\"article\" \/>\n<meta property=\"og:title\" content=\"Calza jaspeada TERMICA - Tienda MSL - Calzas Por Mayor\" \/>\n<meta property=\"og:description\" content=\"A\u00f1adiendo este producto al carrito estas comprando 1 calza t\u00e9rmica jaspeada de color rosa, talle a elecci\u00f3n.\" \/>\n<meta property=\"og:url\" content=\"https:\/\/tienda.mslmisslee.com\/index.php\/product\/calza-jaspeada-termica\/\" \/>\n<meta property=\"og:site_name\" content=\"Tienda MSL - Calzas Por Mayor\" \/>\n<meta property=\"article:publisher\" content=\"https:\/\/www.facebook.com\/mslmisslee\" \/>\n<meta property=\"og:image\" content=\"https:\/\/tienda.mslmisslee.com\/wp-content\/uploads\/2026\/04\/file_0000000034e471f596b7dc93a79b8b7d-683x1024.png\" \/>\n\t<meta property=\"og:image:width\" content=\"683\" \/>\n\t<meta property=\"og:image:height\" content=\"1024\" \/>\n\t<meta property=\"og:image:type\" content=\"image\/png\" \/>\n<meta name=\"twitter:card\" content=\"summary_large_image\" \/>\n<meta name=\"twitter:label1\" content=\"Tiempo de lectura\" \/>\n\t<meta name=\"twitter:data1\" content=\"1 minuto\" \/>\n<script type=\"application\/ld+json\" class=\"yoast-schema-graph\">{\"@context\":\"https:\/\/schema.org\",\"@graph\":[{\"@type\":\"WebPage\",\"@id\":\"https:\/\/tienda.mslmisslee.com\/index.php\/product\/calza-jaspeada-termica\/\",\"url\":\"https:\/\/tienda.mslmisslee.com\/index.php\/product\/calza-jaspeada-termica\/\",\"name\":\"Calza jaspeada TERMICA - Tienda MSL - Calzas Por Mayor\",\"isPartOf\":{\"@id\":\"https:\/\/tienda.mslmisslee.com\/#website\"},\"primaryImageOfPage\":{\"@id\":\"https:\/\/tienda.mslmisslee.com\/index.php\/product\/calza-jaspeada-termica\/#primaryimage\"},\"image\":{\"@id\":\"https:\/\/tienda.mslmisslee.com\/index.php\/product\/calza-jaspeada-termica\/#primaryimage\"},\"thumbnailUrl\":\"https:\/\/tienda.mslmisslee.com\/wp-content\/uploads\/2026\/04\/file_0000000034e471f596b7dc93a79b8b7d.png\",\"datePublished\":\"2026-04-02T17:00:19+00:00\",\"breadcrumb\":{\"@id\":\"https:\/\/tienda.mslmisslee.com\/index.php\/product\/calza-jaspeada-termica\/#breadcrumb\"},\"inLanguage\":\"es\",\"potentialAction\":[{\"@type\":\"ReadAction\",\"target\":[\"https:\/\/tienda.mslmisslee.com\/index.php\/product\/calza-jaspeada-termica\/\"]}]},{\"@type\":\"ImageObject\",\"inLanguage\":\"es\",\"@id\":\"https:\/\/tienda.mslmisslee.com\/index.php\/product\/calza-jaspeada-termica\/#primaryimage\",\"url\":\"https:\/\/tienda.mslmisslee.com\/wp-content\/uploads\/2026\/04\/file_0000000034e471f596b7dc93a79b8b7d.png\",\"contentUrl\":\"https:\/\/tienda.mslmisslee.com\/wp-content\/uploads\/2026\/04\/file_0000000034e471f596b7dc93a79b8b7d.png\",\"width\":1024,\"height\":1536},{\"@type\":\"BreadcrumbList\",\"@id\":\"https:\/\/tienda.mslmisslee.com\/index.php\/product\/calza-jaspeada-termica\/#breadcrumb\",\"itemListElement\":[{\"@type\":\"ListItem\",\"position\":1,\"name\":\"Portada\",\"item\":\"https:\/\/tienda.mslmisslee.com\/\"},{\"@type\":\"ListItem\",\"position\":2,\"name\":\"Shop\",\"item\":\"https:\/\/tienda.mslmisslee.com\/index.php\/shop-2\/\"},{\"@type\":\"ListItem\",\"position\":3,\"name\":\"Calza jaspeada TERMICA\"}]},{\"@type\":\"WebSite\",\"@id\":\"https:\/\/tienda.mslmisslee.com\/#website\",\"url\":\"https:\/\/tienda.mslmisslee.com\/\",\"name\":\"Tienda MSL\",\"description\":\"Ropa Por Mayor - Calzas Por Mayor\",\"publisher\":{\"@id\":\"https:\/\/tienda.mslmisslee.com\/#organization\"},\"potentialAction\":[{\"@type\":\"SearchAction\",\"target\":{\"@type\":\"EntryPoint\",\"urlTemplate\":\"https:\/\/tienda.mslmisslee.com\/?s={search_term_string}\"},\"query-input\":{\"@type\":\"PropertyValueSpecification\",\"valueRequired\":true,\"valueName\":\"search_term_string\"}}],\"inLanguage\":\"es\"},{\"@type\":\"Organization\",\"@id\":\"https:\/\/tienda.mslmisslee.com\/#organization\",\"name\":\"MSL Sentite Poderosa\",\"url\":\"https:\/\/tienda.mslmisslee.com\/\",\"logo\":{\"@type\":\"ImageObject\",\"inLanguage\":\"es\",\"@id\":\"https:\/\/tienda.mslmisslee.com\/#\/schema\/logo\/image\/\",\"url\":\"https:\/\/tienda.mslmisslee.com\/wp-content\/uploads\/2020\/12\/cropped-mslogoarg2.png\",\"contentUrl\":\"https:\/\/tienda.mslmisslee.com\/wp-content\/uploads\/2020\/12\/cropped-mslogoarg2.png\",\"width\":512,\"height\":512,\"caption\":\"MSL Sentite Poderosa\"},\"image\":{\"@id\":\"https:\/\/tienda.mslmisslee.com\/#\/schema\/logo\/image\/\"},\"sameAs\":[\"https:\/\/www.facebook.com\/mslmisslee\",\"https:\/\/www.instagram.com\/mslpoderosa\"]}]}<\/script>\n<!-- \/ Yoast SEO plugin. -->","yoast_head_json":{"title":"Calza jaspeada TERMICA - Tienda MSL - Calzas Por Mayor","robots":{"index":"index","follow":"follow","max-snippet":"max-snippet:-1","max-image-preview":"max-image-preview:large","max-video-preview":"max-video-preview:-1"},"canonical":"https:\/\/tienda.mslmisslee.com\/index.php\/product\/calza-jaspeada-termica\/","og_locale":"es_ES","og_type":"article","og_title":"Calza jaspeada TERMICA - Tienda MSL - Calzas Por Mayor","og_description":"A\u00f1adiendo este producto al carrito estas comprando 1 calza t\u00e9rmica jaspeada de color rosa, talle a elecci\u00f3n.","og_url":"https:\/\/tienda.mslmisslee.com\/index.php\/product\/calza-jaspeada-termica\/","og_site_name":"Tienda MSL - Calzas Por Mayor","article_publisher":"https:\/\/www.facebook.com\/mslmisslee","og_image":[{"width":683,"height":1024,"url":"https:\/\/tienda.mslmisslee.com\/wp-content\/uploads\/2026\/04\/file_0000000034e471f596b7dc93a79b8b7d-683x1024.png","type":"image\/png"}],"twitter_card":"summary_large_image","twitter_misc":{"Tiempo de lectura":"1 minuto"},"schema":{"@context":"https:\/\/schema.org","@graph":[{"@type":"WebPage","@id":"https:\/\/tienda.mslmisslee.com\/index.php\/product\/calza-jaspeada-termica\/","url":"https:\/\/tienda.mslmisslee.com\/index.php\/product\/calza-jaspeada-termica\/","name":"Calza jaspeada TERMICA - Tienda MSL - Calzas Por Mayor","isPartOf":{"@id":"https:\/\/tienda.mslmisslee.com\/#website"},"primaryImageOfPage":{"@id":"https:\/\/tienda.mslmisslee.com\/index.php\/product\/calza-jaspeada-termica\/#primaryimage"},"image":{"@id":"https:\/\/tienda.mslmisslee.com\/index.php\/product\/calza-jaspeada-termica\/#primaryimage"},"thumbnailUrl":"https:\/\/tienda.mslmisslee.com\/wp-content\/uploads\/2026\/04\/file_0000000034e471f596b7dc93a79b8b7d.png","datePublished":"2026-04-02T17:00:19+00:00","breadcrumb":{"@id":"https:\/\/tienda.mslmisslee.com\/index.php\/product\/calza-jaspeada-termica\/#breadcrumb"},"inLanguage":"es","potentialAction":[{"@type":"ReadAction","target":["https:\/\/tienda.mslmisslee.com\/index.php\/product\/calza-jaspeada-termica\/"]}]},{"@type":"ImageObject","inLanguage":"es","@id":"https:\/\/tienda.mslmisslee.com\/index.php\/product\/calza-jaspeada-termica\/#primaryimage","url":"https:\/\/tienda.mslmisslee.com\/wp-content\/uploads\/2026\/04\/file_0000000034e471f596b7dc93a79b8b7d.png","contentUrl":"https:\/\/tienda.mslmisslee.com\/wp-content\/uploads\/2026\/04\/file_0000000034e471f596b7dc93a79b8b7d.png","width":1024,"height":1536},{"@type":"BreadcrumbList","@id":"https:\/\/tienda.mslmisslee.com\/index.php\/product\/calza-jaspeada-termica\/#breadcrumb","itemListElement":[{"@type":"ListItem","position":1,"name":"Portada","item":"https:\/\/tienda.mslmisslee.com\/"},{"@type":"ListItem","position":2,"name":"Shop","item":"https:\/\/tienda.mslmisslee.com\/index.php\/shop-2\/"},{"@type":"ListItem","position":3,"name":"Calza jaspeada TERMICA"}]},{"@type":"WebSite","@id":"https:\/\/tienda.mslmisslee.com\/#website","url":"https:\/\/tienda.mslmisslee.com\/","name":"Tienda MSL","description":"Ropa Por Mayor - Calzas Por Mayor","publisher":{"@id":"https:\/\/tienda.mslmisslee.com\/#organization"},"potentialAction":[{"@type":"SearchAction","target":{"@type":"EntryPoint","urlTemplate":"https:\/\/tienda.mslmisslee.com\/?s={search_term_string}"},"query-input":{"@type":"PropertyValueSpecification","valueRequired":true,"valueName":"search_term_string"}}],"inLanguage":"es"},{"@type":"Organization","@id":"https:\/\/tienda.mslmisslee.com\/#organization","name":"MSL Sentite Poderosa","url":"https:\/\/tienda.mslmisslee.com\/","logo":{"@type":"ImageObject","inLanguage":"es","@id":"https:\/\/tienda.mslmisslee.com\/#\/schema\/logo\/image\/","url":"https:\/\/tienda.mslmisslee.com\/wp-content\/uploads\/2020\/12\/cropped-mslogoarg2.png","contentUrl":"https:\/\/tienda.mslmisslee.com\/wp-content\/uploads\/2020\/12\/cropped-mslogoarg2.png","width":512,"height":512,"caption":"MSL Sentite Poderosa"},"image":{"@id":"https:\/\/tienda.mslmisslee.com\/#\/schema\/logo\/image\/"},"sameAs":["https:\/\/www.facebook.com\/mslmisslee","https:\/\/www.instagram.com\/mslpoderosa"]}]}},"_links":{"self":[{"href":"https:\/\/tienda.mslmisslee.com\/index.php\/wp-json\/wp\/v2\/product\/26315","targetHints":{"allow":["GET"]}}],"collection":[{"href":"https:\/\/tienda.mslmisslee.com\/index.php\/wp-json\/wp\/v2\/product"}],"about":[{"href":"https:\/\/tienda.mslmisslee.com\/index.php\/wp-json\/wp\/v2\/types\/product"}],"replies":[{"embeddable":true,"href":"https:\/\/tienda.mslmisslee.com\/index.php\/wp-json\/wp\/v2\/comments?post=26315"}],"wp:featuredmedia":[{"embeddable":true,"href":"https:\/\/tienda.mslmisslee.com\/index.php\/wp-json\/wp\/v2\/media\/26316"}],"wp:attachment":[{"href":"https:\/\/tienda.mslmisslee.com\/index.php\/wp-json\/wp\/v2\/media?parent=26315"}],"wp:term":[{"taxonomy":"product_brand","embeddable":true,"href":"https:\/\/tienda.mslmisslee.com\/index.php\/wp-json\/wp\/v2\/product_brand?post=26315"},{"taxonomy":"product_cat","embeddable":true,"href":"https:\/\/tienda.mslmisslee.com\/index.php\/wp-json\/wp\/v2\/product_cat?post=26315"},{"taxonomy":"product_tag","embeddable":true,"href":"https:\/\/tienda.mslmisslee.com\/index.php\/wp-json\/wp\/v2\/product_tag?post=26315"}],"curies":[{"name":"wp","href":"https:\/\/api.w.org\/{rel}","templated":true}]}}